{"id":20,"date":"2015-05-27T02:48:56","date_gmt":"2015-05-27T02:48:56","guid":{"rendered":"http:\/\/www.antiguaalmamia.cl\/?page_id=20"},"modified":"2015-06-19T14:37:59","modified_gmt":"2015-06-19T14:37:59","slug":"testimonios","status":"publish","type":"page","link":"https:\/\/antiguaalmamia.cl\/index.php\/testimonios\/","title":{"rendered":"Testimonios"},"content":{"rendered":"<div class=\"row\">\n<div id=\"content\" class=\"span8 right right\" data-motopress-type=\"loop\" data-motopress-loop-file=\"loop\/loop-testi.php\">\n<div id=\"page-content\">\n<p style=\"text-align: center;\">A continuaci\u00f3n tengo el honor de publicar algunos testimonios de personas maravillosas Que quisieron compartir su experiencia producto de su terapia.<\/p>\n<p style=\"text-align: center;\">Gracias.<\/p>\n<p>&nbsp;<\/p>\n<\/div>\n<article id=\"post-158\" class=\"testimonial clearfix\">\n<blockquote class=\"testimonial_bq\">\n<figure class=\"featured-thumbnail thumbnail hidden-phone\"><img decoding=\"async\" src=\"http:\/\/www.antiguaalmamia.cl\/wp-content\/uploads\/2015\/06\/hrth-120x120.png\" alt=\"SOLEDAD APABLAZA\" \/><\/figure>\n<div class=\"testimonial_content\">\n<p style=\"text-align: justify;\">UN CAMINO QUE A VECES SE TORNA INCIERTO Y SIN RUMBO.<\/p>\n<p style=\"text-align: justify;\">\u201cSolo deseo expresar lo que ha significado Edelwais en este camino que a veces parece incierto y sin rumbo.<\/p>\n<p style=\"text-align: justify;\">En este, el proceso de evoluci\u00f3n de mi vida ya sent\u00eda que dada mi edad, las puertas ya estaban cerradas y perdidas las esperanzas de conseguir el objetivo que alguna vez me hab\u00eda propuesto, era ya mi final.<\/p>\n<p style=\"text-align: justify;\">Pero como la vida dispone lo inesperado se present\u00f3 este \u00c1ngel que me dio la oportunidad de encontrarme conmigo misma y sacar la verdadera persona, esa que ten\u00eda fuerza y energ\u00eda para enfrentar cualquier obst\u00e1culo que se me presentara, perdiendo los temores, creyendo completamente que lo que alguna vez pens\u00e9, lo pod\u00eda lograr.<\/p>\n<p style=\"text-align: justify;\">Me dio fuerzas, sabidur\u00eda, entereza, humildad, osad\u00eda y otros.<\/p>\n<p style=\"text-align: justify;\">Logrando traspasar todas las barreras y, encontr\u00e9 un mundo m\u00e1gico para m\u00ed no pensado ni igualado.<\/p>\n<p style=\"text-align: justify;\">Hoy estoy a cargo de la Empresa de mi marido y con gran \u00e9xito integrados mis hijos.<\/p>\n<p style=\"text-align: justify;\">Lo inesperado y m\u00e1gico fue que mi marido enfermo seriamente y yo tuve que dirigir esto sin dificultad.<\/p>\n<p style=\"text-align: justify;\">La vida me ten\u00eda una gran sorpresa despu\u00e9s de enfrentar esos demonios que me ten\u00edan atada.<\/p>\n<p style=\"text-align: justify;\">Enormemente agradecida de Dios y a este \u00e1ngel llamado Edelwais\u201d.<\/p>\n<div class=\"clear\"><\/div>\n<p><small><br \/>\n<span class=\"user\">SOLEDAD APABLAZA<\/span> <\/small><\/p>\n<\/div>\n<\/blockquote>\n<\/article>\n<article id=\"post-153\" class=\"testimonial clearfix\">\n<blockquote class=\"testimonial_bq\">\n<figure class=\"featured-thumbnail thumbnail hidden-phone\"><img decoding=\"async\" src=\"http:\/\/www.antiguaalmamia.cl\/wp-content\/uploads\/2015\/05\/duelo1-120x120.jpg\" alt=\"MARIANNE LIBIS W.\" \/><\/figure>\n<div class=\"testimonial_content\">\n<p style=\"text-align: justify;\">SUE\u00d1OS RECURRENTES Y PERTURBADORES<br \/>\n\u201cDesde peque\u00f1a hubo sue\u00f1os recurrentes en mi vida que aparec\u00edan como pesadillas. El resultado de \u00e9stas eran despertares bruscos, con angustia, miedo y a veces en un estado de consciencia difusa, desde los cuales era dif\u00edcil volver a la consciencia habitual.<\/p>\n<p style=\"text-align: justify;\">Para mi estas experiencias constituyeron algo muy desagradable que me perturbaron por mucho tiempo. Fueron vivencias fuertes que produc\u00edan en m\u00ed las sensaciones m\u00e1s tristes, abrumadoras y aterradoras que el ser humano pueda tener, incluso hasta sonambulismo. Esto se fue intensificando con el tiempo, hasta el punto que tem\u00eda la hora de dormir. Al despertar me invad\u00eda una sensaci\u00f3n de muerte, vac\u00edo, sentir que ca\u00eda a un abismo profundo desde donde me costaba volver a la realidad.<\/p>\n<p style=\"text-align: justify;\">Todo esto me impulso a buscar ayuda en distintas terapias y nadie pudo darme una respuesta, no hubo resultados positivos. Decepcionada y asumiendo que esto ya era parte de mi realidad, por esas cosas milagrosas y hermosas de la vida, me encontr\u00e9 con Edelwais y, con solo tres regresiones, mi problema se esfum\u00f3 como por arte de magia.<\/p>\n<p style=\"text-align: justify;\">S\u00e9 que la vida tiene muchos \u00e1ngulos por lo que mi deseo es seguir trabajando conmigo misma. Siento que esta terapia puede transformar algo terrible en una ense\u00f1anza de crecimiento y sanaci\u00f3n. Sentir el alivio en algo tan simple como poder dormir tranquila es algo que me incentiva a transmitir y dar este testimonio\u201d<\/p>\n<div class=\"clear\"><\/div>\n<p><small><br \/>\n<span class=\"user\">MARIANNE LIBIS W.-<\/span> <\/small><\/p>\n<\/div>\n<\/blockquote>\n<\/article>\n<article id=\"post-152\" class=\"testimonial clearfix\">\n<blockquote class=\"testimonial_bq\">\n<figure class=\"featured-thumbnail thumbnail hidden-phone\"><img decoding=\"async\" src=\"http:\/\/www.antiguaalmamia.cl\/wp-content\/uploads\/2015\/06\/testomonio-120x120.jpg\" alt=\"MACARENA MORENO A.\" \/><\/figure>\n<div class=\"testimonial_content\">\n<p style=\"text-align: justify;\">LIBERACION Y CRECIMIENTO ANTE LA ENFERMEDAD<\/p>\n<p style=\"text-align: justify;\">\u201cSoy Macarena Moreno, tengo 32 a\u00f1os y sufro de c\u00e1ncer tipo IV. Conoc\u00ed a Edelwais cuando este largo proceso reci\u00e9n comenzaba y me sent\u00ed totalmente interpretada por interminable b\u00fasqueda de respuestas.<\/p>\n<p style=\"text-align: justify;\">La TVP me permiti\u00f3 conectarme con mi verdad, atar cabos, cerrar procesos y heridas abiertas hace a\u00f1os, pero lo m\u00e1s relevante de esta terapia es que permite ir directo al centro del conflicto y repararlo, no es f\u00e1cil, como no lo es enfrentar una crisis, pero es absolutamente necesario. No creo que haya que enfrentarse a la muerte prematura para iniciar este viaje de autoconocimiento, esto deber\u00eda ser una inquietud normal para cualquier persona.<\/p>\n<p style=\"text-align: justify;\">Existen pocas cosas m\u00e1s complejas que enfrentar a la muerte y, con Edelwais aprend\u00ed a soltar mis cargas y ataduras, a ver la muerte como un proceso natural, pero lo m\u00e1s importante, vivir este proceso sin miedo.<\/p>\n<p style=\"text-align: justify;\">Estoy profundamente agradecida de esta terapia, tengo la fortuna de saber que cuando llegue el momento de partir, me ir\u00e9 con la paz de saber que hice el mejor de los esfuerzos por reparar mi historia\u201d<\/p>\n<div class=\"clear\"><\/div>\n<p><small><br \/>\n<span class=\"user\">MACARENA MORENO A.<\/span> <\/small><\/p>\n<\/div>\n<\/blockquote>\n<\/article>\n<\/div>\n<\/div>\n","protected":false},"excerpt":{"rendered":"<p>A continuaci\u00f3n tengo el honor de publicar algunos testimonios de personas maravillosas Que quisieron compartir su experiencia producto de su terapia. Gracias. &nbsp; UN CAMINO QUE A VECES SE TORNA INCIERTO Y SIN RUMBO. \u201cSolo deseo expresar lo que ha significado Edelwais en este camino que a veces parece incierto y sin rumbo. En este, el proceso de evoluci\u00f3n de&nbsp;<a href=\"https:\/\/antiguaalmamia.cl\/index.php\/testimonios\/\" class=\"read-more\">Continue Reading<\/a><\/p>\n","protected":false},"author":1,"featured_media":0,"parent":0,"menu_order":0,"comment_status":"open","ping_status":"open","template":"page-home.php","meta":{"footnotes":""},"_links":{"self":[{"href":"https:\/\/antiguaalmamia.cl\/index.php\/wp-json\/wp\/v2\/pages\/20"}],"collection":[{"href":"https:\/\/antiguaalmamia.cl\/index.php\/wp-json\/wp\/v2\/pages"}],"about":[{"href":"https:\/\/antiguaalmamia.cl\/index.php\/wp-json\/wp\/v2\/types\/page"}],"author":[{"embeddable":true,"href":"https:\/\/antiguaalmamia.cl\/index.php\/wp-json\/wp\/v2\/users\/1"}],"replies":[{"embeddable":true,"href":"https:\/\/antiguaalmamia.cl\/index.php\/wp-json\/wp\/v2\/comments?post=20"}],"version-history":[{"count":12,"href":"https:\/\/antiguaalmamia.cl\/index.php\/wp-json\/wp\/v2\/pages\/20\/revisions"}],"predecessor-version":[{"id":147,"href":"https:\/\/antiguaalmamia.cl\/index.php\/wp-json\/wp\/v2\/pages\/20\/revisions\/147"}],"wp:attachment":[{"href":"https:\/\/antiguaalmamia.cl\/index.php\/wp-json\/wp\/v2\/media?parent=20"}],"curies":[{"name":"wp","href":"https:\/\/api.w.org\/{rel}","templated":true}]}}