{"id":14,"date":"2015-05-27T02:47:05","date_gmt":"2015-05-27T02:47:05","guid":{"rendered":"http:\/\/www.antiguaalmamia.cl\/?page_id=14"},"modified":"2015-06-19T02:06:15","modified_gmt":"2015-06-19T02:06:15","slug":"sobre-mi","status":"publish","type":"page","link":"http:\/\/antiguaalmamia.cl\/index.php\/sobre-mi\/","title":{"rendered":"Sobre mi"},"content":{"rendered":"<p><img decoding=\"async\" loading=\"lazy\" class=\"alignleft size-full wp-image-140\" src=\"http:\/\/www.antiguaalmamia.cl\/wp-content\/uploads\/2015\/06\/edel2.jpg\" alt=\"edel2\" width=\"581\" height=\"301\" srcset=\"http:\/\/antiguaalmamia.cl\/wp-content\/uploads\/2015\/06\/edel2.jpg 581w, http:\/\/antiguaalmamia.cl\/wp-content\/uploads\/2015\/06\/edel2-300x155.jpg 300w, http:\/\/antiguaalmamia.cl\/wp-content\/uploads\/2015\/06\/edel2-250x130.jpg 250w\" sizes=\"(max-width: 581px) 100vw, 581px\" \/>Mi nombre: <strong>Edelwais Cortes Kehr<\/strong><\/p>\n<p>\u2022 Profesi\u00f3n y estudios superiores:<br \/>\n\u2022 Asistente social, Universidad de Chile.<br \/>\n\u2022 Post grado salud p\u00fablica. Universidad austral de Chile.<br \/>\n\u2022 Post grado en idiomas originarios. Universidad austral de chile.<br \/>\n\u2022 Cursos de educaci\u00f3n para la salud.<br \/>\n20 a\u00f1os de ejercicio profesional en el servicio salud Valdivia, Hospital y consultorios.<\/p>\n<p>\u00c1reas Principales de Trabajo en Salud P\u00fablica:<br \/>\n\u2022 Salud mental<br \/>\n\u2022 Bienestar de personal.<br \/>\n\u2022 Educaci\u00f3n comunitaria en prevenci\u00f3n del alcoholismo y drogas, enfermedades de transmisi\u00f3n sexual, sida entre otros.<br \/>\n\u2022 Jefatura de la unidad de trabajo social del hospital Valdivia.<\/p>\n<p><strong>OTROS ESTUDIOS:<\/strong><br \/>\n\u2022 Terapeuta de vida pasada acreditada achtevip.<br \/>\n\u2022 Terapeuta regresiva reconstructiva. Organizaci\u00f3n mundial de terapia regresiva aplicada.<br \/>\n\u2022 Formaci\u00f3n en energ\u00eda universal, nivel I y II<br \/>\n\u2022 Estudios sobre mitolog\u00eda, s\u00edmbolos, astrolog\u00eda, angelolog\u00eda, constelaciones familiares a nivel individual, Tarot.<\/p>\n<p><strong>Talleres Desarrollados:<\/strong><br \/>\nDesde el a\u00f1o 2010 desarrollo talleres de autoconocimiento y desarrollo personal en Academia de Estudios Hol\u00edsticos Syncronia, cuyo Director es el Sr. Jaime Hales. Se ubica en Rafael Ca\u00f1as 16, 2-D. Providencia, Santiago.<br \/>\nLas tem\u00e1ticas de los talleres y muchas de las t\u00e9cnicas utilizadas son de mi autor\u00eda.<\/p>\n<p>\u2022 Vidas pasadas, vida presente.<br \/>\n\u2022 Almas gemelas, almas compa\u00f1eras.<br \/>\n\u2022 Ni\u00f1o herido y corte de lazos.<br \/>\n\u2022 Activaci\u00f3n de la glandula pineal.<br \/>\n\u2022 Elaboraci\u00f3n del duelo.<br \/>\n\u2022 Un espacio para m\u00ed mismo<\/p>\n<p><strong>PUBLICACIONES:<\/strong><br \/>\nLibro \u201cAtrapavida, diario de mis sue\u00f1os\u201d<\/p>\n","protected":false},"excerpt":{"rendered":"<p>Mi nombre: Edelwais Cortes Kehr \u2022 Profesi\u00f3n y estudios superiores: \u2022 Asistente social, Universidad de Chile. \u2022 Post grado salud p\u00fablica. Universidad austral de Chile. \u2022 Post grado en idiomas originarios. Universidad austral de chile. \u2022 Cursos de educaci\u00f3n para la salud. 20 a\u00f1os de ejercicio profesional en el servicio salud Valdivia, Hospital y consultorios. \u00c1reas Principales de Trabajo en&nbsp;<a href=\"http:\/\/antiguaalmamia.cl\/index.php\/sobre-mi\/\" class=\"read-more\">Continue Reading<\/a><\/p>\n","protected":false},"author":1,"featured_media":0,"parent":0,"menu_order":0,"comment_status":"open","ping_status":"open","template":"page-fullwidth.php","meta":{"footnotes":""},"_links":{"self":[{"href":"http:\/\/antiguaalmamia.cl\/index.php\/wp-json\/wp\/v2\/pages\/14"}],"collection":[{"href":"http:\/\/antiguaalmamia.cl\/index.php\/wp-json\/wp\/v2\/pages"}],"about":[{"href":"http:\/\/antiguaalmamia.cl\/index.php\/wp-json\/wp\/v2\/types\/page"}],"author":[{"embeddable":true,"href":"http:\/\/antiguaalmamia.cl\/index.php\/wp-json\/wp\/v2\/users\/1"}],"replies":[{"embeddable":true,"href":"http:\/\/antiguaalmamia.cl\/index.php\/wp-json\/wp\/v2\/comments?post=14"}],"version-history":[{"count":6,"href":"http:\/\/antiguaalmamia.cl\/index.php\/wp-json\/wp\/v2\/pages\/14\/revisions"}],"predecessor-version":[{"id":150,"href":"http:\/\/antiguaalmamia.cl\/index.php\/wp-json\/wp\/v2\/pages\/14\/revisions\/150"}],"wp:attachment":[{"href":"http:\/\/antiguaalmamia.cl\/index.php\/wp-json\/wp\/v2\/media?parent=14"}],"curies":[{"name":"wp","href":"https:\/\/api.w.org\/{rel}","templated":true}]}}